{"id":462,"date":"2024-07-17T10:00:23","date_gmt":"2024-07-17T08:00:23","guid":{"rendered":"https:\/\/rmab2b.calibereurope.com\/formulier\/"},"modified":"2024-07-17T12:54:03","modified_gmt":"2024-07-17T10:54:03","slug":"formulier","status":"publish","type":"page","link":"https:\/\/rmab2b.calibereurope.com\/pt-pt\/","title":{"rendered":"Formulier"},"content":{"rendered":"\t\t<div data-elementor-type=\"wp-page\" data-elementor-id=\"462\" class=\"elementor elementor-462 elementor-402\" data-elementor-post-type=\"page\">\n\t\t\t\t\t\t<section class=\"elementor-section elementor-top-section elementor-element elementor-element-f304fe7 elementor-section-boxed elementor-section-height-default elementor-section-height-default\" data-id=\"f304fe7\" data-element_type=\"section\" data-e-type=\"section\">\n\t\t\t\t\t\t<div class=\"elementor-container elementor-column-gap-default\">\n\t\t\t\t\t<div class=\"elementor-column elementor-col-100 elementor-top-column elementor-element elementor-element-d8780e9\" data-id=\"d8780e9\" data-element_type=\"column\" data-e-type=\"column\">\n\t\t\t<div class=\"elementor-widget-wrap elementor-element-populated\">\n\t\t\t\t\t\t<div class=\"elementor-element elementor-element-4e00661 elementor-widget elementor-widget-heading\" data-id=\"4e00661\" data-element_type=\"widget\" data-e-type=\"widget\" data-widget_type=\"heading.default\">\n\t\t\t\t<div class=\"elementor-widget-container\">\n\t\t\t\t\t<h1 class=\"elementor-heading-title elementor-size-default\">Formul\u00e1rio de requisi\u00e7\u00e3o de retorno RMA<\/h1>\t\t\t\t<\/div>\n\t\t\t\t<\/div>\n\t\t\t\t<div class=\"elementor-element elementor-element-bca475f elementor-widget elementor-widget-wpml-language-switcher\" data-id=\"bca475f\" data-element_type=\"widget\" data-e-type=\"widget\" data-widget_type=\"wpml-language-switcher.default\">\n\t\t\t\t<div class=\"elementor-widget-container\">\n\t\t\t\t\t<div class=\"wpml-elementor-ls\">\n<div role=\"navigation\" aria-label=\"Alternador de Idioma\" class=\"wpml-ls-statics-shortcode_actions wpml-ls wpml-ls-legacy-list-horizontal\">\n\t<ul><li class=\"wpml-ls-slot-shortcode_actions wpml-ls-item wpml-ls-item-nl wpml-ls-first-item wpml-ls-item-legacy-list-horizontal\">\n\t\t\t\t<a href=\"http:\/\/rmab2b.calibereurope.com\/\" hreflang=\"nl\" lang=\"nl\" class=\"wpml-ls-link\" aria-label=\"Switch to Nederlands\" title=\"Switch to Nederlands\">\n\t\t\t\t\t                                    <img decoding=\"async\"\n            class=\"wpml-ls-flag\"\n            src=\"https:\/\/rmab2b.calibereurope.com\/wp-content\/plugins\/sitepress-multilingual-cms\/res\/flags\/nl.svg\"\n            alt=\"\"\n            loading=\"lazy\"\n            width=18\n            height=12\n    \/><span class=\"wpml-ls-native\">Nederlands<\/span><\/a>\n\t\t\t<\/li><li class=\"wpml-ls-slot-shortcode_actions wpml-ls-item wpml-ls-item-fr wpml-ls-item-legacy-list-horizontal\">\n\t\t\t\t<a href=\"http:\/\/rmab2b.calibereurope.com\/fr\/\" hreflang=\"fr\" lang=\"fr\" class=\"wpml-ls-link\" aria-label=\"Switch to Fran\u00e7ais\" title=\"Switch to Fran\u00e7ais\">\n\t\t\t\t\t                                    <img decoding=\"async\"\n            class=\"wpml-ls-flag\"\n            src=\"https:\/\/rmab2b.calibereurope.com\/wp-content\/plugins\/sitepress-multilingual-cms\/res\/flags\/fr.svg\"\n            alt=\"\"\n            loading=\"lazy\"\n            width=18\n            height=12\n    \/><span class=\"wpml-ls-native\">Fran\u00e7ais<\/span><\/a>\n\t\t\t<\/li><li class=\"wpml-ls-slot-shortcode_actions wpml-ls-item wpml-ls-item-pt-pt wpml-ls-current-language wpml-ls-item-legacy-list-horizontal\">\n\t\t\t\t<a href=\"http:\/\/rmab2b.calibereurope.com\/pt-pt\/\" hreflang=\"pt-pt\" lang=\"pt-pt\" class=\"wpml-ls-link\" aria-current=\"page\" aria-label=\"Switch to Portugu\u00eas\" title=\"Switch to Portugu\u00eas\">\n\t\t\t\t\t                                    <img decoding=\"async\"\n            class=\"wpml-ls-flag\"\n            src=\"https:\/\/rmab2b.calibereurope.com\/wp-content\/plugins\/sitepress-multilingual-cms\/res\/flags\/pt-pt.svg\"\n            alt=\"\"\n            loading=\"lazy\"\n            width=18\n            height=12\n    \/><span class=\"wpml-ls-native\">Portugu\u00eas<\/span><\/a>\n\t\t\t<\/li><li class=\"wpml-ls-slot-shortcode_actions wpml-ls-item wpml-ls-item-es wpml-ls-item-legacy-list-horizontal\">\n\t\t\t\t<a href=\"http:\/\/rmab2b.calibereurope.com\/es\/\" hreflang=\"es\" lang=\"es\" class=\"wpml-ls-link\" aria-label=\"Switch to Espa\u00f1ol\" title=\"Switch to Espa\u00f1ol\">\n\t\t\t\t\t                                    <img decoding=\"async\"\n            class=\"wpml-ls-flag\"\n            src=\"https:\/\/rmab2b.calibereurope.com\/wp-content\/plugins\/sitepress-multilingual-cms\/res\/flags\/es.svg\"\n            alt=\"\"\n            loading=\"lazy\"\n            width=18\n            height=12\n    \/><span class=\"wpml-ls-native\">Espa\u00f1ol<\/span><\/a>\n\t\t\t<\/li><li class=\"wpml-ls-slot-shortcode_actions wpml-ls-item wpml-ls-item-it wpml-ls-last-item wpml-ls-item-legacy-list-horizontal\">\n\t\t\t\t<a href=\"http:\/\/rmab2b.calibereurope.com\/it\/\" hreflang=\"it\" lang=\"it\" class=\"wpml-ls-link\" aria-label=\"Switch to Italiano\" title=\"Switch to Italiano\">\n\t\t\t\t\t                                    <img decoding=\"async\"\n            class=\"wpml-ls-flag\"\n            src=\"https:\/\/rmab2b.calibereurope.com\/wp-content\/plugins\/sitepress-multilingual-cms\/res\/flags\/it.svg\"\n            alt=\"\"\n            loading=\"lazy\"\n            width=18\n            height=12\n    \/><span class=\"wpml-ls-native\">Italiano<\/span><\/a>\n\t\t\t<\/li><\/ul>\n<\/div>\n<\/div>\t\t\t\t<\/div>\n\t\t\t\t<\/div>\n\t\t\t\t<div class=\"elementor-element elementor-element-232cd7a elementor-widget-divider--view-line elementor-widget elementor-widget-divider\" data-id=\"232cd7a\" data-element_type=\"widget\" data-e-type=\"widget\" data-widget_type=\"divider.default\">\n\t\t\t\t<div class=\"elementor-widget-container\">\n\t\t\t\t\t\t\t<div class=\"elementor-divider\">\n\t\t\t<span class=\"elementor-divider-separator\">\n\t\t\t\t\t\t<\/span>\n\t\t<\/div>\n\t\t\t\t\t\t<\/div>\n\t\t\t\t<\/div>\n\t\t\t\t<div class=\"elementor-element elementor-element-ef0c9b0 elementor-widget elementor-widget-jet-form-builder-form\" data-id=\"ef0c9b0\" data-element_type=\"widget\" data-e-type=\"widget\" data-widget_type=\"jet-form-builder-form.default\">\n\t\t\t\t<div class=\"elementor-widget-container\">\n\t\t\t\t\t<link rel='stylesheet' id='wp-block-library-css' href='https:\/\/rmab2b.calibereurope.com\/wp-includes\/css\/dist\/block-library\/style.min.css?ver=6.9.4' media='all' \/>\n<style id=\"jet-form-builder-461-inline-css\"><\/style><form  class=\"jet-form-builder layout-column submit-type-ajax\" action=\"https:\/\/rmab2b.calibereurope.com\/pt-pt\/wp-json\/wp\/v2\/pages\/462\/?pI2e1c=AIXxDhjNax&amp;method=reload\" method=\"POST\" data-form-id=\"461\" data-layout=\"column\" enctype=\"multipart\/form-data\" novalidate=\"null\" ssr_validation_method=\"rest\">\r\n<input type=\"hidden\" name=\"_jfb_current_render_states[]\" value=\"DEFAULT.STATE\" data-jfb-sync \/><input type=\"hidden\" class=\"jet-form-builder__field hidden-field\" name=\"_jet_engine_booking_form_id\" data-field-name=\"_jet_engine_booking_form_id\" value=\"461\">\n<input type=\"hidden\" class=\"jet-form-builder__field hidden-field\" name=\"_jet_engine_refer\" data-field-name=\"_jet_engine_refer\" value=\"https:\/\/rmab2b.calibereurope.com\/pt-pt\/wp-json\/wp\/v2\/pages\/462\/\">\n<input type=\"hidden\" class=\"jet-form-builder__field hidden-field\" name=\"__queried_post_id\" data-field-name=\"__queried_post_id\" value=\"462\">\n<div  class=\"jet-form-builder-row field-type-text-field\" >\n<div class=\"jet-form-builder__label\">\r\n<div class=\"jet-form-builder__label-text\">Nome da empresa <span class=\"jet-form-builder__required\">*<\/span><\/div><\/div><div class=\"jet-form-builder__field-wrap\">\n\t\t\t\t<input required=\"required\" name=\"company_name\" id=\"company_name\" type=\"text\" data-field-name=\"company_name\" class=\"jet-form-builder__field text-field\" data-jfb-sync=\"null\" autocomplete=\"off_wPtxBkdn\">\n\t\t\t\t\t<\/div>\n<\/div>\n\n\n<div class=\"wp-block-columns is-layout-flex wp-container-core-columns-is-layout-9d6595d7 wp-block-columns-is-layout-flex\">\n<div class=\"wp-block-column is-layout-flow wp-block-column-is-layout-flow\"><div  class=\"jet-form-builder-row field-type-text-field\" >\n<div class=\"jet-form-builder__label\">\r\n<div class=\"jet-form-builder__label-text\">N\u00famero de conta de cliente ou nome do local de compra apenas no caso de ser adquirido numa plataforma <span class=\"jet-form-builder__required\">*<\/span><\/div><\/div><div class=\"jet-form-builder__field-wrap\">\n\t\t\t\t<input required=\"required\" name=\"customer_number\" id=\"customer_number\" type=\"text\" data-field-name=\"customer_number\" class=\"jet-form-builder__field text-field\" data-jfb-sync=\"null\" autocomplete=\"off_KNRCvXnP\">\n\t\t\t\t\t<\/div>\n<\/div><\/div>\n\n\n\n<div class=\"wp-block-column is-layout-flow wp-block-column-is-layout-flow\"><div  class=\"jet-form-builder-row field-type-text-field\" >\n<div class=\"jet-form-builder__label\">\r\n<div class=\"jet-form-builder__label-text\">Membro do grupo <\/div><\/div><div class=\"jet-form-builder__field-wrap\">\n\t\t\t\t<input name=\"group\" id=\"group\" type=\"text\" data-field-name=\"group\" class=\"jet-form-builder__field text-field\" data-jfb-sync=\"null\" autocomplete=\"off_Bnp5G4SJ\">\n\t\t\t\t\t<\/div>\n<\/div><\/div>\n<\/div>\n\n\n\n<div class=\"wp-block-columns is-layout-flex wp-container-core-columns-is-layout-9d6595d7 wp-block-columns-is-layout-flex\">\n<div class=\"wp-block-column is-layout-flow wp-block-column-is-layout-flow\"><div  class=\"jet-form-builder-row field-type-text-field\" >\n<div class=\"jet-form-builder__label\">\r\n<div class=\"jet-form-builder__label-text\">Morada 1 <span class=\"jet-form-builder__required\">*<\/span><\/div><\/div><div class=\"jet-form-builder__field-wrap\">\n\t\t\t\t<input required=\"required\" name=\"address_1\" id=\"address_1\" type=\"text\" data-field-name=\"address_1\" class=\"jet-form-builder__field text-field\" data-jfb-sync=\"null\" autocomplete=\"off_RFzp0ZhU\">\n\t\t\t\t\t<\/div>\n<\/div><\/div>\n\n\n\n<div class=\"wp-block-column is-layout-flow wp-block-column-is-layout-flow\"><div  class=\"jet-form-builder-row field-type-text-field\" >\n<div class=\"jet-form-builder__label\">\r\n<div class=\"jet-form-builder__label-text\">Morada 2<\/div><\/div><div class=\"jet-form-builder__field-wrap\">\n\t\t\t\t<input name=\"address_2\" id=\"address_2\" type=\"text\" data-field-name=\"address_2\" class=\"jet-form-builder__field text-field\" data-jfb-sync=\"null\" autocomplete=\"off_7cwtpQSY\">\n\t\t\t\t\t<\/div>\n<\/div><\/div>\n<\/div>\n\n\n\n<div class=\"wp-block-columns is-layout-flex wp-container-core-columns-is-layout-9d6595d7 wp-block-columns-is-layout-flex\">\n<div class=\"wp-block-column is-layout-flow wp-block-column-is-layout-flow\"><div  class=\"jet-form-builder-row field-type-text-field\" >\n<div class=\"jet-form-builder__label\">\r\n<div class=\"jet-form-builder__label-text\">C\u00f3digo postal <span class=\"jet-form-builder__required\">*<\/span><\/div><\/div><div class=\"jet-form-builder__field-wrap\">\n\t\t\t\t<input required=\"required\" name=\"postal_code\" id=\"postal_code\" type=\"text\" data-field-name=\"postal_code\" class=\"jet-form-builder__field text-field\" data-jfb-sync=\"null\" autocomplete=\"off_UpCEALZi\">\n\t\t\t\t\t<\/div>\n<\/div><\/div>\n\n\n\n<div class=\"wp-block-column is-layout-flow wp-block-column-is-layout-flow\"><div  class=\"jet-form-builder-row field-type-text-field\" >\n<div class=\"jet-form-builder__label\">\r\n<div class=\"jet-form-builder__label-text\">Local <span class=\"jet-form-builder__required\">*<\/span><\/div><\/div><div class=\"jet-form-builder__field-wrap\">\n\t\t\t\t<input required=\"required\" name=\"city\" id=\"city\" type=\"text\" data-field-name=\"city\" class=\"jet-form-builder__field text-field\" data-jfb-sync=\"null\" autocomplete=\"off_LYSAvte5\">\n\t\t\t\t\t<\/div>\n<\/div><\/div>\n<\/div>\n\n\n<div  class=\"jet-form-builder-row field-type-text-field\" >\n<div class=\"jet-form-builder__label\">\r\n<div class=\"jet-form-builder__label-text\">E-mail <span class=\"jet-form-builder__required\">*<\/span><\/div><\/div><div class=\"jet-form-builder__field-wrap\">\n\t\t\t\t<input required=\"required\" name=\"email\" id=\"email\" type=\"email\" data-field-name=\"email\" class=\"jet-form-builder__field text-field\" data-jfb-sync=\"null\" autocomplete=\"off_VE56aSb7\">\n\t\t\t\t\t<\/div>\n<\/div>\n\n<div  class=\"jet-form-builder-row field-type-heading-field\" >\n<div class=\"jet-form-builder__heading\">\r\n<div class=\"jet-form-builder__label-text\">Produtos<\/div><\/div>\n<\/div>\n\n<div  class=\"jet-form-builder-row field-type-select-field wp-block-jet-forms-select-field\">\n<div class=\"jet-form-builder__label\">\r\n<div class=\"jet-form-builder__label-text\">N\u00famero de produtos diferentes <span class=\"jet-form-builder__required\">*<\/span><\/div><\/div><div class=\"jet-form-builder__field-wrap\">\n\t<select class=\"jet-form-builder__field select-field\" required=\"required\" name=\"aantal_verschillende_producten\" data-field-name=\"aantal_verschillende_producten\" id=\"aantal_verschillende_producten\" data-jfb-sync=\"null\">\n\t\t<option value=\"1\" >1<\/option><option value=\"2\" >2<\/option><option value=\"3\" >3<\/option><option value=\"4\" >4<\/option><option value=\"5\" >5<\/option><option value=\"6\" >6<\/option><option value=\"7\" >7<\/option><option value=\"8\" >8<\/option><option value=\"9\" >9<\/option><option value=\"10\" >10<\/option>\t<\/select>\n<\/div><div class=\"jet-form-builder__desc\"><small>Se precisar de mais campos, altere acima o n\u00famero de produtos diferentes.<\/small><\/div>\n<\/div>\n\n<div  class=\"jet-form-builder-row field-type-repeater-field\" >\n<div class=\"jet-form-builder__field-wrap\"><div data-repeater=\"1\" data-field-name=\"product\" name=\"product\" data-manage-items=\"dynamically\" data-items-field=\"aantal_verschillende_producten\"  class=\"jet-form-builder-repeater jet-form-builder__field\" data-required=\"required\" data-jfb-sync=\"null\">\n<template class=\"jet-form-builder-repeater__initial\"><div class=\"jet-form-builder-repeater__row\" data-repeater-row=\"1\"><div class=\"jet-form-builder-repeater__row-fields\">\n\n<div class=\"wp-block-columns is-layout-flex wp-container-core-columns-is-layout-9d6595d7 wp-block-columns-is-layout-flex\">\n<div class=\"wp-block-column is-layout-flow wp-block-column-is-layout-flow\"><div  class=\"jet-form-builder-row field-type-text-field\" >\n<div class=\"jet-form-builder__label\">\r\n<div class=\"jet-form-builder__label-text\">Artigo (refer\u00eancia Caliber)   <span class=\"jet-form-builder__required\">*<\/span><\/div><\/div><div class=\"jet-form-builder__field-wrap\">\n\t\t\t\t<input required=\"required\" name=\"product[__i__][item_sku]\" id=\"product___i___item_sku\" type=\"text\" data-field-name=\"item_sku\" class=\"jet-form-builder__field text-field\" data-jfb-sync=\"null\" autocomplete=\"off_jm3VW8aw\">\n\t\t\t\t\t<\/div>\n<\/div><\/div>\n\n\n\n<div class=\"wp-block-column is-layout-flow wp-block-column-is-layout-flow\"><div  class=\"jet-form-builder-row field-type-select-field wp-block-jet-forms-select-field\">\n<div class=\"jet-form-builder__label\">\r\n<div class=\"jet-form-builder__label-text\">Quantidade <span class=\"jet-form-builder__required\">*<\/span><\/div><\/div><div class=\"jet-form-builder__field-wrap\">\n\t<select class=\"jet-form-builder__field select-field\" required=\"required\" name=\"product[__i__][quantity]\" data-field-name=\"quantity\" id=\"product___i___quantity\" data-jfb-sync=\"null\">\n\t\t<option value=\"1\" >1<\/option><option value=\"2\" >2<\/option><option value=\"3\" >3<\/option><option value=\"4\" >4<\/option><option value=\"5\" >5<\/option><option value=\"6\" >6<\/option><option value=\"7\" >7<\/option><option value=\"8\" >8<\/option><option value=\"9\" >9<\/option><option value=\"10\" >10<\/option><option value=\"11\" >11<\/option><option value=\"12\" >12<\/option><option value=\"13\" >13<\/option><option value=\"14\" >14<\/option><option value=\"15\" >15<\/option><option value=\"16\" >16<\/option><option value=\"17\" >17<\/option><option value=\"18\" >18<\/option><option value=\"19\" >19<\/option><option value=\"20\" >20<\/option>\t<\/select>\n<\/div>\n<\/div><\/div>\n\n\n\n<div class=\"wp-block-column is-layout-flow wp-block-column-is-layout-flow\"><div  class=\"jet-form-builder-row field-type-text-field\" >\n<div class=\"jet-form-builder__label\">\r\n<div class=\"jet-form-builder__label-text\">Descri\u00e7\u00e3o exacta do problema <span class=\"jet-form-builder__required\">*<\/span><\/div><\/div><div class=\"jet-form-builder__field-wrap\">\n\t\t\t\t<input required=\"required\" name=\"product[__i__][return_reason]\" id=\"product___i___return_reason\" type=\"text\" data-field-name=\"return_reason\" class=\"jet-form-builder__field text-field\" data-jfb-sync=\"null\" autocomplete=\"off_2Bo3IZP9\">\n\t\t\t\t\t<\/div>\n<\/div><\/div>\n\n\n\n<div class=\"wp-block-column is-layout-flow wp-block-column-is-layout-flow\"><div  class=\"jet-form-builder-row field-type-date-field\" >\n<div class=\"jet-form-builder__label\">\r\n<div class=\"jet-form-builder__label-text\">Data de compra <span class=\"jet-form-builder__required\">*<\/span><\/div><\/div><input class=\"jet-form-builder__field date-field\" required=\"required\" name=\"product[__i__][purchase_date]\" type=\"date\" data-field-name=\"purchase_date\" id=\"product___i___purchase_date\" data-jfb-sync=\"null\" data-max=\"%CT::CurrentDate%\">\n<\/div><\/div>\n<\/div>\n\n<\/div><\/div><\/template>\n<div class=\"jet-form-builder-repeater__items\"><\/div><\/div><\/div>\n<\/div>\n\n<div  data-validation-type=\"advanced\" data-validation-messages=\"{&quot;max_size&quot;:&quot;Maximum file size: %max_size%&quot;}\" class=\"jet-form-builder-row field-type-media-field\" >\n<template class=\"jet-form-builder__preview-template\"><div class=\"jet-form-builder-file-upload__file\" data-file=\"%file_url%\">\n\t<!-- preview -->\n\t<!-- field -->\n\t<div class=\"jet-form-builder-file-upload__file-remove\" data-file-name=\"%file_name%\">\n\t\t<svg width=\"22\" height=\"22\" viewBox=\"0 0 14 15\" fill=\"none\" xmlns=\"http:\/\/www.w3.org\/2000\/svg\">\n\t\t\t<path d=\"M4.375 7H6.125V12.25H4.375V7ZM7.875 7H9.625V12.25H7.875V7ZM10.5 1.75C10.5 1.51302 10.4134 1.30794 10.2402 1.13477C10.0762 0.961589 9.87109 0.875 9.625 0.875H4.375C4.12891 0.875 3.91927 0.961589 3.74609 1.13477C3.58203 1.30794 3.5 1.51302 3.5 1.75V3.5H0V5.25H0.875V14C0.875 14.237 0.957031 14.4421 1.12109 14.6152C1.29427 14.7884 1.50391 14.875 1.75 14.875H12.25C12.4961 14.875 12.7012 14.7884 12.8652 14.6152C13.0384 14.4421 13.125 14.237 13.125 14V5.25H14V3.5H10.5V1.75ZM5.25 2.625H8.75V3.5H5.25V2.625ZM11.375 5.25V13.125H2.625V5.25H11.375Z\"><\/path>\n\t\t<\/svg>\n\t<\/div>\n\t<span\n\t\t\tclass=\"jet-form-builder-file-upload__file-invalid-marker\"\n\t\t\tstyle=\"display: none\">\n\t\t<svg xmlns=\"http:\/\/www.w3.org\/2000\/svg\" viewBox=\"0 0 20 20\" fill=\"currentcolor\" width=\"24\" height=\"24\" aria-hidden=\"true\" focusable=\"false\"><path d=\"M10 2c4.42 0 8 3.58 8 8s-3.58 8-8 8-8-3.58-8-8 3.58-8 8-8zm1.13 9.38l.35-6.46H8.52l.35 6.46h2.26zm-.09 3.36c.24-.23.37-.55.37-.96 0-.42-.12-.74-.36-.97s-.59-.35-1.06-.35-.82.12-1.07.35-.37.55-.37.97c0 .41.13.73.38.96.26.23.61.34 1.06.34s.8-.11 1.05-.34z\"><\/path><\/svg>\n\t<\/span>\n\t<!-- footer -->\n<\/div>\n<\/template><div class=\"jet-form-builder__label\">\r\n<div class=\"jet-form-builder__label-text\">Por favor anexe uma c\u00f3pia da factura ou recibo de compra (PDF de 2MB m\u00e1x.) <span class=\"jet-form-builder__required\">*<\/span><\/div><\/div><div class=\"jet-form-builder__field-wrap jet-form-builder-file-upload\">\n\t\t<div class=\"jet-form-builder-file-upload__content\">\n\t\t<div class=\"jet-form-builder-file-upload__loader\"><svg xmlns=\"http:\/\/www.w3.org\/2000\/svg\" width=\"38\" height=\"38\" viewBox=\"0 0 38 38\" stroke=\"#fff\"><g fill=\"none\" fill-rule=\"evenodd\"><g transform=\"translate(1 1)\" stroke-width=\"2\"><circle stroke-opacity=\".5\" cx=\"18\" cy=\"18\" r=\"18\"\/><path d=\"M36 18c0-9.94-8.06-18-18-18\" transform=\"rotate(137.826 18 18)\"><animateTransform attributeName=\"transform\" type=\"rotate\" from=\"0 18 18\" to=\"360 18 18\" dur=\"1s\" repeatCount=\"indefinite\"\/><\/path><\/g><\/g><\/svg><\/div>\t\t<div class=\"jet-form-builder-file-upload__files\" data-args=\"{&quot;max_files&quot;:20,&quot;max_size&quot;:2097152}\">\n\t\t\t\t\t<\/div>\n\t<\/div>\n\t<div class=\"jet-form-builder-file-upload__fields\">\n\t\t<input class=\"jet-form-builder__field file-field jet-form-builder-file-upload__input\" name=\"attachment[]\" data-field-name=\"attachment\" type=\"file\" data-form_id=\"461\" id=\"attachment\" required=\"required\" data-jfb-sync=\"null\" data-max_files=\"20\" multiple=\"1\" accept=\"application\/pdf,image\/jpeg,image\/png\" data-max_size=\"2097152\">\n\t<\/div>\n\t<div class=\"jet-form-builder-file-upload__message\"><small>Maximum file size: 2 MB<\/small><\/div>\n\t<div class=\"jet-form-builder-file-upload__errors is-hidden\"><\/div>\n\t<\/div>\n<\/div>\n\n<div class=\"jfb-visually-hidden\" tabindex=\"-1\"><div class=\"jet-form-builder__field-wrap\">\n\t\t\t\t<input name=\"_email\" id=\"_email\" type=\"email\" data-field-name=\"_email\" class=\"jet-form-builder__field text-field\" data-jfb-sync=\"null\" autocomplete=\"off_hIKfbZom\">\n\t\t\t\t\t<\/div><\/div><div  class=\"jet-form-builder-row field-type-submit-field\" >\n\t<div data-type=\"submit\" class=\"jet-form-builder__action-button-wrapper jet-form-builder__submit-wrap\">\n\t<button class=\"jet-form-builder__action-button jet-form-builder__submit submit-type-ajax\" type=\"submit\">Enviar<\/button>\n\t<\/div>\n\t\n<\/div>\n\n\n<input type=\"hidden\" class=\"jet-form-builder__field hidden-field\" name=\"rma_number\" data-field-name=\"rma_number\" data-jfb-sync=\"null\" value=\"5KR6SERFH53ODSK\">\n\n\t<div class=\"jet-form-builder-messages-wrap\" data-form-id=\"461\"><\/div>\n<\/form>\n\t\t\t\t<\/div>\n\t\t\t\t<\/div>\n\t\t\t\t\t<\/div>\n\t\t<\/div>\n\t\t\t\t\t<\/div>\n\t\t<\/section>\n\t\t\t\t<\/div>\n\t\t","protected":false},"excerpt":{"rendered":"<p>Formul\u00e1rio de requisi\u00e7\u00e3o de retorno RMA Nederlands Fran\u00e7ais Portugu\u00eas Espa\u00f1ol Italiano Nome da empresa * N\u00famero de conta de cliente ou nome do local de compra apenas no caso de ser adquirido numa plataforma * Membro do grupo Morada 1 * Morada 2 C\u00f3digo postal * Local * E-mail * Produtos Artigo (refer\u00eancia Caliber) * [&hellip;]<\/p>\n","protected":false},"author":1,"featured_media":0,"parent":0,"menu_order":0,"comment_status":"closed","ping_status":"closed","template":"","meta":{"_jf_save_progress":"","footnotes":""},"class_list":["post-462","page","type-page","status-publish","hentry"],"_links":{"self":[{"href":"https:\/\/rmab2b.calibereurope.com\/pt-pt\/wp-json\/wp\/v2\/pages\/462","targetHints":{"allow":["GET"]}}],"collection":[{"href":"https:\/\/rmab2b.calibereurope.com\/pt-pt\/wp-json\/wp\/v2\/pages"}],"about":[{"href":"https:\/\/rmab2b.calibereurope.com\/pt-pt\/wp-json\/wp\/v2\/types\/page"}],"author":[{"embeddable":true,"href":"https:\/\/rmab2b.calibereurope.com\/pt-pt\/wp-json\/wp\/v2\/users\/1"}],"replies":[{"embeddable":true,"href":"https:\/\/rmab2b.calibereurope.com\/pt-pt\/wp-json\/wp\/v2\/comments?post=462"}],"version-history":[{"count":13,"href":"https:\/\/rmab2b.calibereurope.com\/pt-pt\/wp-json\/wp\/v2\/pages\/462\/revisions"}],"predecessor-version":[{"id":548,"href":"https:\/\/rmab2b.calibereurope.com\/pt-pt\/wp-json\/wp\/v2\/pages\/462\/revisions\/548"}],"wp:attachment":[{"href":"https:\/\/rmab2b.calibereurope.com\/pt-pt\/wp-json\/wp\/v2\/media?parent=462"}],"curies":[{"name":"wp","href":"https:\/\/api.w.org\/{rel}","templated":true}]}}